{"id":49,"date":"2016-04-12T16:38:57","date_gmt":"2016-04-12T16:38:57","guid":{"rendered":"http:\/\/themes.opendept.net\/hemma-elegant\/?page_id=49"},"modified":"2024-07-24T11:07:42","modified_gmt":"2024-07-24T09:07:42","slug":"opinie","status":"publish","type":"page","link":"https:\/\/nocleg.cieszyn.pl\/uk\/opinie\/","title":{"rendered":"\u0414\u0443\u043c\u043a\u0438"},"content":{"rendered":"<div id=\"pl-49\" class=\"panel-layout\">\n<div id=\"pg-49-0\" class=\"panel-grid panel-no-style\" data-style=\"{&quot;background_display&quot;:&quot;tile&quot;,&quot;cell_alignment&quot;:&quot;flex-start&quot;}\">\n<div id=\"pgc-49-0-0\" class=\"panel-grid-cell\" data-weight=\"1\">\n<div id=\"panel-49-0-0-0\" class=\"so-panel widget widget_sow-editor panel-first-child panel-last-child\" data-index=\"0\" data-style=\"{&quot;background_display&quot;:&quot;tile&quot;}\">\n<div class=\"so-widget-sow-editor so-widget-sow-editor-base\">\n<div class=\"siteorigin-widget-tinymce textwidget\">\n<h2 style=\"text-align: center;\">\u0412\u0438 \u043f\u0440\u0438\u0439\u0448\u043b\u0438 \u0434\u043e \u043d\u0430\u0441 \u0456 \u0432\u0430\u043c \u0446\u0456\u043a\u0430\u0432\u043e \u0434\u0456\u0437\u043d\u0430\u0442\u0438\u0441\u044f \u043d\u0430\u0448\u0443 \u0434\u0443\u043c\u043a\u0443?&nbsp;<\/h2>\n<h3 style=\"text-align: center;\">\u0410 \u043c\u043e\u0436\u0435 \u0412\u0438 \u0449\u043e\u0439\u043d\u043e \u0441\u043a\u043e\u0440\u0438\u0441\u0442\u0430\u043b\u0438\u0441\u044f \u043d\u0430\u0448\u0438\u043c\u0438 \u043f\u043e\u0441\u043b\u0443\u0433\u0430\u043c\u0438 \u0456 \u0445\u043e\u0447\u0435\u0442\u0435 \u0437\u0430\u043b\u0438\u0448\u0438\u0442\u0438 \u0441\u0432\u043e\u0457?&nbsp;<\/h3>\n<h2 style=\"text-align: center;\"><span style=\"text-decoration: underline;\">\u0417\u0430\u043f\u0440\u043e\u0448\u0443\u0454\u043c\u043e \u0432\u0430\u0441!<\/span><\/h2>\n<\/div>\n<\/div>\n<\/div>\n<\/div>\n<\/div>\n<div id=\"pg-49-1\" class=\"panel-grid panel-no-style\" data-style=\"{&quot;background_display&quot;:&quot;tile&quot;,&quot;cell_alignment&quot;:&quot;flex-start&quot;}\">\n<div id=\"pgc-49-1-0\" class=\"panel-grid-cell\" data-weight=\"0.33333333333333\">\n<div id=\"panel-49-1-0-0\" class=\"so-panel widget widget_sow-button panel-first-child panel-last-child\" data-index=\"1\" data-style=\"{&quot;background_display&quot;:&quot;tile&quot;}\">\n<div class=\"so-widget-sow-button so-widget-sow-button-wire-ac47f60eea1d\">\n<div class=\"ow-button-base ow-button-align-center\"><a class=\"ow-button-hover\" href=\"https:\/\/www.facebook.com\/pg\/tanienoclegicieszyn\/reviews\/?ref=page_internal\" target=\"_blank\" rel=\"noopener noreferrer\">&nbsp;<\/a><\/div>\n<\/div>\n<\/div>\n<\/div>\n<\/div>\n<div id=\"pg-49-2\" class=\"panel-grid panel-no-style\" data-style=\"{&quot;background_display&quot;:&quot;tile&quot;,&quot;cell_alignment&quot;:&quot;flex-start&quot;}\">\n<div id=\"pgc-49-2-1\" class=\"panel-grid-cell\" data-weight=\"0.5\">\n<div id=\"panel-49-2-1-0\" class=\"so-panel widget widget_sow-button panel-first-child panel-last-child\" data-index=\"5\" data-style=\"{&quot;background_image_attachment&quot;:false,&quot;background_display&quot;:&quot;tile&quot;}\">\n<div class=\"so-widget-sow-button so-widget-sow-button-wire-ac47f60eea1d\">\n<div class=\"ow-button-base ow-button-align-center\">\n<p><a href=\"https:\/\/www.facebook.com\/tanienoclegicieszyn\" target=\"_blank\" rel=\"noopener\">FACEBOOK<\/a><\/p>\n<p><a href=\"https:\/\/www.nocowanie.pl\/noclegi\/cieszyn\/kwatery_i_pokoje\/31586\/\" target=\"_blank\" rel=\"noopener\">NOCOWANIE.PL<\/a><\/p>\n<p><a href=\"https:\/\/e-turysta.pl\/marek-i-karolina-cieszyn-166952.html\" target=\"_blank\" rel=\"noopener\">E-TURYSTA.PL<\/a><\/p>\n<p><a href=\"https:\/\/www.google.com\/search?sca_esv=8d16f0f2f467200d&amp;rlz=1C5CHFA_enPL1100PL1100&amp;sxsrf=ADLYWIIj5pSr7yttp7XUNfCLBIf4n5QIQg:1721811794338&amp;q=marek+i+karolina+cieszyn&amp;uds=ADvngMgryM7dRxzrsE7kfc2eLe79lPgyuhtZLGO3lDSb-vSTzBV62K3W9Z1R7DO52WQuU8lhT6t7xfZHiVIjhYeZuu60cOnBz2pDhjIkApOnUXF38opzcmWN_zw8U5rwoFcDzMXcwEg5&amp;si=ACC90nwjPmqJHrCEt6ewASzksVFQDX8zco_7MgBaIawvaF4-7mctE9FC5XNefrVTxiVFIphRG_UJWZXBu9i2_-VzTnnxC9XyYAYee8QO3PXH6LvDoCDtHq8%3D&amp;sa=X&amp;ved=2ahUKEwibjPziqL-HAxVkwAIHHVpOILgQ3PALegQIGxAE&amp;biw=1710&amp;bih=852&amp;dpr=2\" target=\"_blank\" rel=\"noopener\">GOOGLE<\/a><\/p>\n<\/div>\n<\/div>\n<\/div>\n<\/div>\n<\/div>\n<\/div>","protected":false},"excerpt":{"rendered":"<p>Wybierasz si\u0119 do nas i jeste\u015b ciekaw opinii?&nbsp; A mo\u017ce w\u0142a\u015bnie skorzysta\u0142e\u015b\/a\u015b z naszych us\u0142ug i chcesz zostawi\u0107 w\u0142asn\u0105?&nbsp; Zapraszamy! &nbsp; FACEBOOK NOCOWANIE.PL E-TURYSTA.PL GOOGLE<\/p>","protected":false},"author":3,"featured_media":11598,"parent":0,"menu_order":9,"comment_status":"closed","ping_status":"closed","template":"template-hero.php","meta":{"ngg_post_thumbnail":0,"jetpack_post_was_ever_published":false,"footnotes":""},"jetpack_sharing_enabled":true,"jetpack_shortlink":"https:\/\/wp.me\/P8OJ1i-N","_links":{"self":[{"href":"https:\/\/nocleg.cieszyn.pl\/uk\/wp-json\/wp\/v2\/pages\/49"}],"collection":[{"href":"https:\/\/nocleg.cieszyn.pl\/uk\/wp-json\/wp\/v2\/pages"}],"about":[{"href":"https:\/\/nocleg.cieszyn.pl\/uk\/wp-json\/wp\/v2\/types\/page"}],"author":[{"embeddable":true,"href":"https:\/\/nocleg.cieszyn.pl\/uk\/wp-json\/wp\/v2\/users\/3"}],"replies":[{"embeddable":true,"href":"https:\/\/nocleg.cieszyn.pl\/uk\/wp-json\/wp\/v2\/comments?post=49"}],"version-history":[{"count":44,"href":"https:\/\/nocleg.cieszyn.pl\/uk\/wp-json\/wp\/v2\/pages\/49\/revisions"}],"predecessor-version":[{"id":13457,"href":"https:\/\/nocleg.cieszyn.pl\/uk\/wp-json\/wp\/v2\/pages\/49\/revisions\/13457"}],"wp:featuredmedia":[{"embeddable":true,"href":"https:\/\/nocleg.cieszyn.pl\/uk\/wp-json\/wp\/v2\/media\/11598"}],"wp:attachment":[{"href":"https:\/\/nocleg.cieszyn.pl\/uk\/wp-json\/wp\/v2\/media?parent=49"}],"curies":[{"name":"wp","href":"https:\/\/api.w.org\/{rel}","templated":true}]}}