{"id":295,"date":"2016-04-12T16:28:45","date_gmt":"2016-04-12T16:28:45","guid":{"rendered":"http:\/\/themes.opendept.net\/hemma-elegant\/?page_id=295"},"modified":"2022-03-29T07:51:02","modified_gmt":"2022-03-29T05:51:02","slug":"o-nas","status":"publish","type":"page","link":"https:\/\/nocleg.cieszyn.pl\/uk\/o-nas\/","title":{"rendered":"\u041f\u0440\u043e \u043d\u0430\u0441"},"content":{"rendered":"<p><strong>\u041b\u0430\u0441\u043a\u0430\u0432\u043e \u043f\u0440\u043e\u0441\u0438\u043c\u043e\u00a0\ud83d\ude42<\/strong><\/p>\n<p style=\"text-align: left;\"><strong>\u0417\u0430\u043f\u0440\u043e\u0448\u0443\u0454\u043c\u043e \u0434\u043e \u043d\u0430\u0448\u043e\u0433\u043e \u0447\u0443\u0434\u043e\u0432\u043e\u0433\u043e \u0437\u0430\u043a\u043b\u0430\u0434\u0443, \u0434\u0435 \u043c\u0438 \u043f\u0440\u043e\u043f\u043e\u043d\u0443\u0454\u043c\u043e \u043e\u0440\u0435\u043d\u0434\u0443 \u043a\u0456\u043c\u043d\u0430\u0442 \u043d\u0430 1, 2, 3, 4 \u0430\u0431\u043e 5 \u043e\u0441\u0456\u0431 \u043d\u0430 \u0431\u0443\u0434\u044c-\u044f\u043a\u0438\u0439 \u0442\u0435\u0440\u043c\u0456\u043d.<\/strong><br \/>\n<strong> \u041c\u0438 \u043f\u0440\u043e\u0444\u0435\u0441\u0456\u0439\u043d\u043e \u0437\u0430\u0439\u043c\u0430\u0454\u043c\u043e\u0441\u044f \u0446\u0438\u043c \u0437 2015 \u0440\u043e\u043a\u0443 \u0456 \u043d\u0430\u043c\u0430\u0433\u0430\u0454\u043c\u043e\u0441\u044f \u0437\u0430\u0434\u043e\u0432\u043e\u043b\u044c\u043d\u0438\u0442\u0438 \u043f\u043e\u0431\u0430\u0436\u0430\u043d\u043d\u044f \u043d\u0430\u0432\u0456\u0442\u044c \u043d\u0430\u0439\u0432\u0438\u043c\u043e\u0433\u043b\u0438\u0432\u0456\u0448\u0438\u0445 \u043a\u043b\u0456\u0454\u043d\u0442\u0456\u0432. \u0423 \u043a\u043e\u0436\u043d\u043e\u043c\u0443 \u043d\u043e\u043c\u0435\u0440\u0456 \u0454 \u0432\u0430\u043d\u043d\u0430 \u043a\u0456\u043c\u043d\u0430\u0442\u0430 \u0437 \u0442\u0443\u0430\u043b\u0435\u0442\u043e\u043c<br \/>\n\u0442\u0430 \u043e\u0431\u043b\u0430\u0434\u043d\u0430\u043d\u0430 \u043c\u0456\u043d\u0456-\u043a\u0443\u0445\u043d\u044f. \u041d\u0430\u0448\u0456 \u043d\u043e\u043c\u0435\u0440\u0438 \u0437\u043d\u0430\u0445\u043e\u0434\u044f\u0442\u044c\u0441\u044f \u0432 \u0434\u0432\u043e\u0445 \u0441\u0443\u0441\u0456\u0434\u043d\u0456\u0445 \u0431\u0443\u0434\u0438\u043d\u043a\u0430\u0445 \u043f\u043e \u0432\u0443\u043b<span class=\"text_exposed_show\">\u043b\u044c\u043e\u0434\u0443 \u0433\u0435\u043d. \u0419. \u0413\u0430\u043b\u043b\u0435\u0440\u0430 83 \u0443 \u0426\u0435\u0448\u0438\u043d\u0456. \u041c\u0456\u0436 \u0431\u0443\u0434\u0456\u0432\u043b\u044f\u043c\u0438 \u0454 \u043e\u0440\u0438\u0433\u0456\u043d\u0430\u043b\u044c\u043d\u0438\u0439 \u0434\u0432\u043e\u0440\u0438\u043a - \u0456\u0434\u0435\u0430\u043b\u044c\u043d\u0435 \u043c\u0456\u0441\u0446\u0435 \u0434\u043b\u044f \u0432\u0456\u0434\u043f\u043e\u0447\u0438\u043d\u043a\u0443, \u0432\u0435\u0447\u0456\u0440\u043a\u0438 \u0447\u0438 \u0431\u0430\u0440\u0431\u0435\u043a\u044e.<br \/>\n\u041d\u0430\u0448\u043e\u044e \u043f\u0435\u0440\u0435\u0432\u0430\u0433\u043e\u044e \u0454 \u0422\u0415\u041f\u041b\u041e \u0432 \u0441\u0435\u043d\u0441\u0456 \u0442\u0435\u043f\u043b\u043e\u0433\u043e \u043f\u0440\u0438\u0439\u043e\u043c\u0443 \u0442\u0430 \u043e\u0431\u0441\u043b\u0443\u0433\u043e\u0432\u0443\u0432\u0430\u043d\u043d\u044f \u043d\u0430\u0448\u0438\u0445 \u0433\u043e\u0441\u0442\u0435\u0439, \u0430\u043b\u0435 \u043d\u0435 \u0442\u0456\u043b\u044c\u043a\u0438 \u0446\u0435. \u041d\u0430\u0439\u0433\u043e\u043b\u043e\u0432\u043d\u0456\u0448\u0435, \u0449\u043e\u0431 \u0443 \u043a\u0456\u043c\u043d\u0430\u0442\u0430\u0445 \u0431\u0443\u043b\u043e \u0442\u0435\u043f\u043b\u043e, \u0430\u0434\u0436\u0435 \u0446\u0435, \u0437\u0432\u0438\u0447\u0430\u0439\u043d\u043e, \u043d\u0430\u0439\u0433\u043e\u043b\u043e\u0432\u043d\u0456\u0448\u0435, \u043a\u0440\u0456\u043c \u0447\u0438\u0441\u0442\u043e\u0442\u0438. \u0423 \u043d\u0430\u0441 \u043d\u0435\u043c\u0430\u0454 \u043e\u043f\u0430\u043b\u044e\u0432\u0430\u043b\u044c\u043d\u043e\u0433\u043e \u0441\u0435\u0437\u043e\u043d\u0443 \u2013 \u0446\u0435 \u043e\u0437\u043d\u0430\u0447\u0430\u0454, \u0449\u043e \u0432 \u0431\u0443\u0434\u044c-\u044f\u043a\u0443 \u043f\u043e\u0440\u0443 \u0440\u043e\u043a\u0443 \u043c\u043e\u0436\u043d\u0430 \u0432\u043a\u043b\u044e\u0447\u0438\u0442\u0438 \u0440\u0430\u0434\u0456\u0430\u0442\u043e\u0440 \u0456 \u0432\u0456\u043d \u0437\u0430\u0432\u0436\u0434\u0438 \u0437\u0430\u0431\u0435\u0437\u043f\u0435\u0447\u0438\u0442\u044c \u043d\u0430\u0441 \u0442\u0435\u043f\u043b\u043e\u043c. \u0426\u0435 \u0456\u043d\u043e\u0434\u0456 \u043a\u043e\u0440\u0438\u0441\u043d\u043e \u043d\u0430\u0432\u0456\u0442\u044c \u0443 \u043b\u0456\u0442\u043d\u0456 \u043c\u0456\u0441\u044f\u0446\u0456, \u0432 \u043f\u0435\u0440\u0456\u043e\u0434\u0438 \u043f\u043e\u0445\u043e\u043b\u043e\u0434\u0430\u043d\u043d\u044f \u0442\u0430 \u0437\u0431\u0456\u043b\u044c\u0448\u0435\u043d\u043d\u044f \u043a\u0456\u043b\u044c\u043a\u043e\u0441\u0442\u0456 \u043e\u043f\u0430\u0434\u0456\u0432.<br \/>\n\u0429\u0435 \u043e\u0434\u043d\u0456\u0454\u044e \u043f\u0435\u0440\u0435\u0432\u0430\u0433\u043e\u044e \u0454 \u0411\u0415\u0417\u041a\u041e\u0428\u0422\u041e\u0412\u041d\u0418\u0419 \u0406\u043d\u0442\u0435\u0440\u043d\u0435\u0442: \u043a\u0430\u0431\u0435\u043b\u044c\u043d\u0435 \u0430\u0431\u043e Wi-Fi \u0456 \u0442\u0435\u043b\u0435\u0432\u0456\u0437\u043e\u0440 \u0432 \u043a\u043e\u0436\u043d\u043e\u043c\u0443 \u043d\u043e\u043c\u0435\u0440\u0456. \u041d\u043e\u043c\u0435\u0440 \u0443\u043a\u043e\u043c\u043f\u043b\u0435\u043a\u0442\u043e\u0432\u0430\u043d\u0438\u0439 \u043f\u043e\u0441\u0442\u0456\u043b\u044c\u043d\u043e\u044e \u0431\u0456\u043b\u0438\u0437\u043d\u043e\u044e, \u0440\u0443\u0448\u043d\u0438\u043a\u0430\u043c\u0438, \u0444\u0435\u043d\u043e\u043c.<br \/>\n\u0423 \u043d\u0430\u0441 \u0442\u0430\u043a\u043e\u0436 \u0454 \u043f\u0440\u0430\u043b\u044c\u043d\u044f \u0442\u0430 \u0441\u0443\u0448\u0438\u043b\u044c\u043d\u0430 \u043a\u0456\u043c\u043d\u0430\u0442\u0430, \u044f\u043a\u0438\u043c\u0438 \u043c\u043e\u0436\u043d\u0430 \u043a\u043e\u0440\u0438\u0441\u0442\u0443\u0432\u0430\u0442\u0438\u0441\u044f \u0437\u0430 \u043d\u0435\u0432\u0435\u043b\u0438\u043a\u0443 \u043f\u043b\u0430\u0442\u0443.<\/span><\/strong><\/p>\n<p style=\"text-align: left;\"><strong>\u041d\u043e\u0447\u0456\u0432\u043b\u044f \u0443 \u043d\u0430\u0441 \u0437 10:00 \u043d\u0430\u0441\u0442\u0443\u043f\u043d\u043e\u0433\u043e \u0434\u043d\u044f.\u00a0\u0423 \u043d\u0435\u0434\u0456\u043b\u044e \u0442\u0430 \u0432 \u043f\u0435\u0440\u0448\u0438\u0439 \u0434\u0435\u043d\u044c \u041d\u043e\u0432\u043e\u0433\u043e \u0440\u043e\u043a\u0443 \u0432\u0456\u043d \u043f\u0440\u043e\u0434\u043e\u0432\u0436\u0443\u0454\u0442\u044c\u0441\u044f \u0434\u043e 12.00, \u0430 \u043d\u0430\u0441\u0442\u0443\u043f\u043d\u0438\u0439 \u043f\u043e\u0447\u0438\u043d\u0430\u0454\u0442\u044c\u0441\u044f \u043e 18.00. <\/strong><\/p>\n<p style=\"text-align: left;\"><span style=\"color: #000000;\"><strong>\u0423\u0412\u0410\u0413\u0410 \u0411\u0415\u0417\u041a\u041e\u0428\u0422\u041e\u0412\u041d\u0410!!!<\/strong><\/span><\/p>\n<ul>\n<li style=\"text-align: left;\"><strong>\u042f\u043a\u0449\u043e \u0443 \u043d\u0430\u0441 \u0442\u0456\u043b\u044c\u043a\u0438 \u0454 \u0442\u0430\u043a\u0430 \u043c\u043e\u0436\u043b\u0438\u0432\u0456\u0441\u0442\u044c (\u0430 \u043c\u0438 \u0447\u0430\u0441\u0442\u043e \u0431\u0443\u0432\u0430\u0454), \u043c\u0438 \u0437\u0443\u0441\u0442\u0440\u0456\u0447\u0430\u0454\u043c\u043e \u043d\u0430\u0448\u0438\u0445 \u0433\u043e\u0441\u0442\u0435\u0439 \u0432\u0440\u0430\u043d\u0446\u0456 (\u043f\u0435\u0440\u0435\u0434 \u043f\u043e\u0447\u0430\u0442\u043a\u043e\u043c \u0434\u043d\u044f), \u0430 \u0442\u0430\u043a\u043e\u0436 \u0434\u043e\u0437\u0432\u043e\u043b\u044f\u0454\u043c\u043e \u0437\u0430\u043b\u0438\u0448\u0438\u0442\u0438\u0441\u044f \u043d\u0430 \u043a\u0456\u043b\u044c\u043a\u0430 \u0433\u043e\u0434\u0438\u043d \u0434\u043e\u0432\u0448\u0435 (\u043f\u0456\u0441\u043b\u044f \u043a\u0456\u043d\u0446\u044f \u0434\u043d\u044f) \ud83d\ude42<\/strong><\/li>\n<li style=\"text-align: left;\"><strong>\u042f\u043a\u0449\u043e \u0442\u0456\u043b\u044c\u043a\u0438 \u0432\u0441\u0442\u0438\u0433\u0430\u0454\u043c\u043e, \u0434\u043e\u0441\u0442\u0430\u0432\u043b\u044f\u0454\u043c\u043e \u043a\u043b\u0456\u0454\u043d\u0442\u0456\u0432 \u0437 \u0430\u0432\u0442\u043e\u0432\u043e\u043a\u0437\u0430\u043b\u0443 \u0447\u0438 \u0432\u043e\u043a\u0437\u0430\u043b\u0443 \ud83d\ude42<\/strong><\/li>\n<\/ul>\n<p><strong>\u041d\u0430 \u0434\u0443\u0436\u0435 \u043d\u0435\u0432\u0435\u043b\u0438\u043a\u0456\u0439 \u0432\u0456\u0434\u0441\u0442\u0430\u043d\u0456 \u0437\u043d\u0430\u0445\u043e\u0434\u044f\u0442\u044c\u0441\u044f: \u0437\u0443\u043f\u0438\u043d\u043a\u0438 \u0433\u0440\u043e\u043c\u0430\u0434\u0441\u044c\u043a\u043e\u0433\u043e \u0442\u0440\u0430\u043d\u0441\u043f\u043e\u0440\u0442\u0443, \u043a\u0456\u043b\u044c\u043a\u0430 \u043f\u0440\u043e\u0434\u0443\u043a\u0442\u043e\u0432\u0438\u0445 \u043c\u0430\u0433\u0430\u0437\u0438\u043d\u0456\u0432 (\u0437\u043e\u043a\u0440\u0435\u043c\u0430 Biedronka, Lewiatan \u0442\u0430 \u0456\u043d\u0448\u0456), \u0430\u043f\u0442\u0435\u043a\u0430, \u0437\u0430\u0433\u0430\u043b\u044c\u043d\u043e\u043f\u0440\u043e\u043c\u0438\u0441\u043b\u043e\u0432\u0438\u0439 \u0440\u0438\u043d\u043e\u043a, \u043f\u043e\u0448\u0442\u0430, \u043a\u0456\u043b\u044c\u043a\u0430 \u043f\u0430\u0431\u0456\u0432, \u043f\u0456\u0446\u0435\u0440\u0456\u044f, \u0431\u0430\u0433\u0430\u0442\u043e\u0444\u0443\u043d\u043a\u0446\u0456\u043e\u043d\u0430\u043b\u044c\u043d\u0456 \u0441\u043f\u043e\u0440\u0442\u0438\u0432\u043d\u0456 \u043c\u0430\u0439\u0434\u0430\u043d\u0447\u0438\u043a\u0438, \u0442\u0435\u043d\u0456\u0441\u043d\u0438\u0439 \u043a\u043e\u0440\u0442, \u043a\u0456\u043b\u044c\u043a\u0430 \u0441\u0443\u0447\u0430\u0441\u043d\u0438\u0445 \u0434\u0438\u0442\u044f\u0447\u0438\u0445 \u043c\u0430\u0439\u0434\u0430\u043d\u0447\u0438\u043a\u0456\u0432 \u0456 \u0444\u0456\u0433\u043b\u043e\u043f\u0430\u0440\u043a KIDS CLUB.<\/strong><\/p>\n<p style=\"text-align: left;\"><strong><span class=\"text_exposed_show\">\u0412\u0456\u0434\u0441\u0442\u0430\u043d\u044c \u0434\u043e \u0420\u0438\u043d\u043a\u043e\u0432\u043e\u0457 \u043f\u043b\u043e\u0449\u0456 \u043c\u0435\u043d\u0448\u0435 1,85 \u043a\u043c (25 \u0445\u0432\u0438\u043b\u0438\u043d \u043f\u0456\u0448\u043a\u0438), \u0434\u043e \u0427\u0435\u0441\u044c\u043a\u043e\u0433\u043e \u0426\u0435\u0448\u0438\u043d\u0430 \u043f\u0440\u0438\u0431\u043b\u0438\u0437\u043d\u043e 2,2-2,5 \u043a\u043c, \u0434\u043e \u0423\u0441\u0442\u0440\u043e\u043d\u0456 12 \u043a\u043c, \u0434\u043e \u0412\u0456\u0441\u043b\u0438 20 \u043a\u043c.<\/span><\/strong><\/p>\n<figure id=\"attachment_13049\" class=\"wp-content-image\"><img loading=\"lazy\" decoding=\"async\" class=\"alignnone size-medium wp-image-13049 aligncenter\" src=\"https:\/\/nocleg.cieszyn.pl\/wp-content\/uploads\/2020\/08\/B2B_1080x1080-300x300.jpg\" alt=\"\" width=\"300\" height=\"300\" srcset=\"https:\/\/nocleg.cieszyn.pl\/wp-content\/uploads\/2020\/08\/B2B_1080x1080-300x300.jpg 300w, https:\/\/nocleg.cieszyn.pl\/wp-content\/uploads\/2020\/08\/B2B_1080x1080-1024x1024.jpg 1024w, https:\/\/nocleg.cieszyn.pl\/wp-content\/uploads\/2020\/08\/B2B_1080x1080-150x150.jpg 150w, https:\/\/nocleg.cieszyn.pl\/wp-content\/uploads\/2020\/08\/B2B_1080x1080-768x768.jpg 768w, https:\/\/nocleg.cieszyn.pl\/wp-content\/uploads\/2020\/08\/B2B_1080x1080.jpg 1080w\" sizes=\"(max-width: 300px) 100vw, 300px\" \/><\/figure>\n<p><span style=\"color: #ffffff;\">levne ubytovani cesky tesin<\/span><\/p>\n<h3 style=\"text-align: center;\"><strong>\u041c\u0438 \u0449\u0438\u0440\u043e \u0437\u0430\u043e\u0445\u043e\u0447\u0443\u0454\u043c\u043e \u0432\u0430\u0441 \u043a\u043e\u043c\u0435\u043d\u0442\u0443\u0432\u0430\u0442\u0438 \u043d\u0430\u0448\u0456 \u043f\u043e\u0441\u043b\u0443\u0433\u0438 \ud83d\ude42<\/strong><\/h3>\n<p style=\"text-align: center;\"><a class=\"button is-brown\" href=\"https:\/\/nocleg.cieszyn.pl\/uk\/opinie\/\">\u041f\u0435\u0440\u0435\u0439\u0434\u0456\u0442\u044c \u0434\u043e \u0412\u0456\u0434\u0433\u0443\u043a\u0438<\/a><\/p>\n<p>&nbsp;<\/p>","protected":false},"excerpt":{"rendered":"<p>Serdecznie Witamy&nbsp;\ud83d\ude42 Zapraszamy do naszego przemi\u0142ego miejsca, w kt\u00f3rym oferujemy&nbsp;pokoje 1, 2, 3, 4 lub 5 osobowe do wynajmu na dowolny okres czasowy. Zajmujemy si\u0119 tym profesjonalnie od 2015 roku i staramy si\u0119 spe\u0142ni\u0107 \u017cyczenia nawet najbardziej wymagaj\u0105cych klient\u00f3w. W ka\u017cdym pokoju znajduje si\u0119 \u0142azienka z WC i wyposa\u017cony aneks kuchenny. Pokoje nasze zlokalizowane s\u0105 [&hellip;]<\/p>","protected":false},"author":3,"featured_media":11373,"parent":0,"menu_order":7,"comment_status":"closed","ping_status":"closed","template":"template-hero.php","meta":{"ngg_post_thumbnail":0,"jetpack_post_was_ever_published":false,"footnotes":""},"jetpack_sharing_enabled":true,"jetpack_shortlink":"https:\/\/wp.me\/P8OJ1i-4L","_links":{"self":[{"href":"https:\/\/nocleg.cieszyn.pl\/uk\/wp-json\/wp\/v2\/pages\/295"}],"collection":[{"href":"https:\/\/nocleg.cieszyn.pl\/uk\/wp-json\/wp\/v2\/pages"}],"about":[{"href":"https:\/\/nocleg.cieszyn.pl\/uk\/wp-json\/wp\/v2\/types\/page"}],"author":[{"embeddable":true,"href":"https:\/\/nocleg.cieszyn.pl\/uk\/wp-json\/wp\/v2\/users\/3"}],"replies":[{"embeddable":true,"href":"https:\/\/nocleg.cieszyn.pl\/uk\/wp-json\/wp\/v2\/comments?post=295"}],"version-history":[{"count":53,"href":"https:\/\/nocleg.cieszyn.pl\/uk\/wp-json\/wp\/v2\/pages\/295\/revisions"}],"predecessor-version":[{"id":13252,"href":"https:\/\/nocleg.cieszyn.pl\/uk\/wp-json\/wp\/v2\/pages\/295\/revisions\/13252"}],"wp:featuredmedia":[{"embeddable":true,"href":"https:\/\/nocleg.cieszyn.pl\/uk\/wp-json\/wp\/v2\/media\/11373"}],"wp:attachment":[{"href":"https:\/\/nocleg.cieszyn.pl\/uk\/wp-json\/wp\/v2\/media?parent=295"}],"curies":[{"name":"wp","href":"https:\/\/api.w.org\/{rel}","templated":true}]}}