{"id":11,"date":"2014-11-13T10:21:45","date_gmt":"2014-11-13T09:21:45","guid":{"rendered":"http:\/\/wadowski.spot.net.pl\/?page_id=11"},"modified":"2019-11-24T11:20:37","modified_gmt":"2019-11-24T10:20:37","slug":"galeria","status":"publish","type":"page","link":"https:\/\/nocleg.cieszyn.pl\/uk\/galeria\/","title":{"rendered":"\u0413\u0430\u043b\u0435\u0440\u0435\u044f"},"content":{"rendered":"<h3 style=\"text-align: center;\">\u041a\u043e\u0440\u043e\u0442\u043a\u0438\u0439 \u043e\u0433\u043b\u044f\u0434 \u043d\u043e\u043c\u0435\u0440\u0456\u0432\u2026<\/h3>\nngg_shortcode_0_placeholder\n<h3>&nbsp;<\/h3>\n<h3 style=\"text-align: center;\">\u041c\u0456\u0436 \u043a\u0456\u043c\u043d\u0430\u0442\u0430\u043c\u0438\u2026<\/h3>\nngg_shortcode_1_placeholder\n<h3>&nbsp;<\/h3>\n<h3 style=\"text-align: center;\">\u041c\u0456\u0436 \u0431\u0443\u0434\u0456\u0432\u043b\u044f\u043c\u0438\u2026&nbsp;&nbsp;&nbsp;&nbsp;&nbsp;&nbsp;<\/h3>\nngg_shortcode_2_placeholder\n<h3 style=\"text-align: center;\">&nbsp;<\/h3>\n<h3 style=\"text-align: center;\">\u0420\u0430\u0434\u0443\u0432\u0430\u0442\u0438\u043c\u0435 \u043a\u043e\u0436\u043d\u0435 \u043e\u043a\u043e\u2026<\/h3>\nngg_shortcode_3_placeholder\n<h3 style=\"text-align: center;\">&nbsp;<\/h3>\n<h3 style=\"text-align: center;\">&nbsp;\u041d\u0430\u0448\u0456 \u043d\u0435\u0437\u0432\u0438\u0447\u0430\u0439\u043d\u0456 \u0433\u043e\u0441\u0442\u0456\u2026<\/h3>\nngg_shortcode_4_placeholder","protected":false},"excerpt":{"rendered":"<p>Pokoje w skr\u00f3cie&#8230; &nbsp; Pomi\u0119dzy pokojami&#8230; &nbsp; Pomi\u0119dzy budynkami&#8230;&nbsp;&nbsp;&nbsp;&nbsp;&nbsp;&nbsp; &#8221; order_by=&#8221;sortorder&#8221; order_direction=&#8221;ASC&#8221; returns=&#8221;included&#8221; maximum_entity_count=&#8221;500&#8243;] &nbsp; Nacieszy ka\u017cde oko&#8230; &#8221; order_by=&#8221;sortorder&#8221; order_direction=&#8221;ASC&#8221; returns=&#8221;included&#8221; maximum_entity_count=&#8221;500&#8243;] &nbsp; &nbsp;Nasi nietypowi Go\u015bcie&#8230; &#8221; order_by=&#8221;sortorder&#8221; order_direction=&#8221;ASC&#8221; returns=&#8221;included&#8221; maximum_entity_count=&#8221;500&#8243;]<\/p>","protected":false},"author":3,"featured_media":11673,"parent":0,"menu_order":3,"comment_status":"closed","ping_status":"closed","template":"template-hero.php","meta":{"ngg_post_thumbnail":0,"jetpack_post_was_ever_published":false,"footnotes":""},"jetpack_sharing_enabled":true,"jetpack_shortlink":"https:\/\/wp.me\/P8OJ1i-b","_links":{"self":[{"href":"https:\/\/nocleg.cieszyn.pl\/uk\/wp-json\/wp\/v2\/pages\/11"}],"collection":[{"href":"https:\/\/nocleg.cieszyn.pl\/uk\/wp-json\/wp\/v2\/pages"}],"about":[{"href":"https:\/\/nocleg.cieszyn.pl\/uk\/wp-json\/wp\/v2\/types\/page"}],"author":[{"embeddable":true,"href":"https:\/\/nocleg.cieszyn.pl\/uk\/wp-json\/wp\/v2\/users\/3"}],"replies":[{"embeddable":true,"href":"https:\/\/nocleg.cieszyn.pl\/uk\/wp-json\/wp\/v2\/comments?post=11"}],"version-history":[{"count":13,"href":"https:\/\/nocleg.cieszyn.pl\/uk\/wp-json\/wp\/v2\/pages\/11\/revisions"}],"predecessor-version":[{"id":12751,"href":"https:\/\/nocleg.cieszyn.pl\/uk\/wp-json\/wp\/v2\/pages\/11\/revisions\/12751"}],"wp:featuredmedia":[{"embeddable":true,"href":"https:\/\/nocleg.cieszyn.pl\/uk\/wp-json\/wp\/v2\/media\/11673"}],"wp:attachment":[{"href":"https:\/\/nocleg.cieszyn.pl\/uk\/wp-json\/wp\/v2\/media?parent=11"}],"curies":[{"name":"wp","href":"https:\/\/api.w.org\/{rel}","templated":true}]}}