{"id":295,"date":"2016-04-12T16:28:45","date_gmt":"2016-04-12T16:28:45","guid":{"rendered":"http:\/\/themes.opendept.net\/hemma-elegant\/?page_id=295"},"modified":"2022-03-29T07:51:02","modified_gmt":"2022-03-29T05:51:02","slug":"o-nas","status":"publish","type":"page","link":"https:\/\/nocleg.cieszyn.pl\/en\/o-nas\/","title":{"rendered":"About us"},"content":{"rendered":"<p><strong>Welcome \ud83d\ude42<\/strong><\/p>\n<p style=\"text-align: left;\"><strong>We invite you to our lovely place where we offer rooms for 1, 2, 3, 4 or 5 people for rent for any period of time.<\/strong><br \/>\n<strong> We have been doing this professionally since 2015 and try to fulfill the wishes of even the most demanding customers. Each room has a bathroom with toilet<br \/>\nand equipped kitchenette. Our rooms are located in two neighboring buildings at ul<span class=\"text_exposed_show\">icy of Gen. J. Hallera 83 in Cieszyn. Between the buildings there is an original courtyard - a perfect place to relax, party or have a barbecue.<br \/>\nOur advantage is WARMTH in the sense of warm welcome and service to our guests, but not only that. The most important thing is that it is warm in the rooms, because this is certainly the most important thing, next to cleanliness. We do not have a heating season - this means that at any time of the year you can turn on the radiator and it will always provide us with heat. This is sometimes useful even in the summer months, during periods of cooling and increased rainfall.<br \/>\nAnother advantage is FREE Internet: cable or Wi-Fi and TV in every room. The room is equipped with bed linen, towels and hair dryers.<br \/>\nWe also have a laundry and drying room that can be used for a small fee.<\/span><\/strong><\/p>\n<p style=\"text-align: left;\"><strong>Our overnight stay is from 4:00 p.m. to 10:00 a.m. the next day.\u00a0On Sundays and the first day of the New Year, it is extended until 12.00, and the next one starts at 18.00. <\/strong><\/p>\n<p style=\"text-align: left;\"><span style=\"color: #000000;\"><strong>ATTENTION FREE!!!<\/strong><\/span><\/p>\n<ul>\n<li style=\"text-align: left;\"><strong>If we only have such an opportunity (and we often do), we welcome our guests in the morning (before the start of the day) and we also allow you to stay a few hours longer (after the end of the day) \ud83d\ude42<\/strong><\/li>\n<li style=\"text-align: left;\"><strong>If we only have time, we deliver customers from the bus or train station \ud83d\ude42<\/strong><\/li>\n<\/ul>\n<p><strong>In a very short distance there are: public transport bus stops, several grocery stores (including Biedronka, Lewiatan and others), a pharmacy, a general industrial market, a post office, several pubs, a pizzeria, multi-purpose sports fields, a tennis court, several modern playgrounds and figlopark KIDS CLUB.<\/strong><\/p>\n<p style=\"text-align: left;\"><strong><span class=\"text_exposed_show\">The distance to the Market Square is less than 1.85 km (25 minutes' walk), to Czeski Cieszyn about 2.2-2.5 km, to Ustro\u0144 12 km, to Wis\u0142a 20 km.<\/span><\/strong><\/p>\n<figure id=\"attachment_13049\" class=\"wp-content-image\"><img loading=\"lazy\" decoding=\"async\" class=\"alignnone size-medium wp-image-13049 aligncenter\" src=\"https:\/\/nocleg.cieszyn.pl\/wp-content\/uploads\/2020\/08\/B2B_1080x1080-300x300.jpg\" alt=\"\" width=\"300\" height=\"300\" srcset=\"https:\/\/nocleg.cieszyn.pl\/wp-content\/uploads\/2020\/08\/B2B_1080x1080-300x300.jpg 300w, https:\/\/nocleg.cieszyn.pl\/wp-content\/uploads\/2020\/08\/B2B_1080x1080-1024x1024.jpg 1024w, https:\/\/nocleg.cieszyn.pl\/wp-content\/uploads\/2020\/08\/B2B_1080x1080-150x150.jpg 150w, https:\/\/nocleg.cieszyn.pl\/wp-content\/uploads\/2020\/08\/B2B_1080x1080-768x768.jpg 768w, https:\/\/nocleg.cieszyn.pl\/wp-content\/uploads\/2020\/08\/B2B_1080x1080.jpg 1080w\" sizes=\"(max-width: 300px) 100vw, 300px\" \/><\/figure>\n<p><span style=\"color: #ffffff;\">levne ubytovani cesky tesin<\/span><\/p>\n<h3 style=\"text-align: center;\"><strong>We cordially encourage you to comment on our services \ud83d\ude42<\/strong><\/h3>\n<p style=\"text-align: center;\"><a class=\"button is-brown\" href=\"https:\/\/nocleg.cieszyn.pl\/en\/opinie\/\">Go to Reviews<\/a><\/p>\n<p>&nbsp;<\/p>","protected":false},"excerpt":{"rendered":"<p>Serdecznie Witamy&nbsp;\ud83d\ude42 Zapraszamy do naszego przemi\u0142ego miejsca, w kt\u00f3rym oferujemy&nbsp;pokoje 1, 2, 3, 4 lub 5 osobowe do wynajmu na dowolny okres czasowy. Zajmujemy si\u0119 tym profesjonalnie od 2015 roku i staramy si\u0119 spe\u0142ni\u0107 \u017cyczenia nawet najbardziej wymagaj\u0105cych klient\u00f3w. W ka\u017cdym pokoju znajduje si\u0119 \u0142azienka z WC i wyposa\u017cony aneks kuchenny. Pokoje nasze zlokalizowane s\u0105 [&hellip;]<\/p>","protected":false},"author":3,"featured_media":11373,"parent":0,"menu_order":7,"comment_status":"closed","ping_status":"closed","template":"template-hero.php","meta":{"ngg_post_thumbnail":0,"jetpack_post_was_ever_published":false,"footnotes":""},"jetpack_sharing_enabled":true,"jetpack_shortlink":"https:\/\/wp.me\/P8OJ1i-4L","_links":{"self":[{"href":"https:\/\/nocleg.cieszyn.pl\/en\/wp-json\/wp\/v2\/pages\/295"}],"collection":[{"href":"https:\/\/nocleg.cieszyn.pl\/en\/wp-json\/wp\/v2\/pages"}],"about":[{"href":"https:\/\/nocleg.cieszyn.pl\/en\/wp-json\/wp\/v2\/types\/page"}],"author":[{"embeddable":true,"href":"https:\/\/nocleg.cieszyn.pl\/en\/wp-json\/wp\/v2\/users\/3"}],"replies":[{"embeddable":true,"href":"https:\/\/nocleg.cieszyn.pl\/en\/wp-json\/wp\/v2\/comments?post=295"}],"version-history":[{"count":53,"href":"https:\/\/nocleg.cieszyn.pl\/en\/wp-json\/wp\/v2\/pages\/295\/revisions"}],"predecessor-version":[{"id":13252,"href":"https:\/\/nocleg.cieszyn.pl\/en\/wp-json\/wp\/v2\/pages\/295\/revisions\/13252"}],"wp:featuredmedia":[{"embeddable":true,"href":"https:\/\/nocleg.cieszyn.pl\/en\/wp-json\/wp\/v2\/media\/11373"}],"wp:attachment":[{"href":"https:\/\/nocleg.cieszyn.pl\/en\/wp-json\/wp\/v2\/media?parent=295"}],"curies":[{"name":"wp","href":"https:\/\/api.w.org\/{rel}","templated":true}]}}