{"id":12266,"date":"2017-06-26T14:37:07","date_gmt":"2017-06-26T12:37:07","guid":{"rendered":"http:\/\/nocleg.cieszyn.pl\/?page_id=12266"},"modified":"2019-09-27T12:30:17","modified_gmt":"2019-09-27T10:30:17","slug":"pokoje","status":"publish","type":"page","link":"https:\/\/nocleg.cieszyn.pl\/en\/pokoje\/","title":{"rendered":""},"content":{"rendered":"<h2 style=\"text-align: center;\">Ogl\u0105dnij i wybierz sw\u00f3j pok\u00f3j:<\/h2>\n<p>&nbsp;<\/p>\n<center><\/center><center><a class=\"button is-brown\" href=\"https:\/\/nocleg.cieszyn.pl\/en\/room\/pokoj-1\/\" target=\"_blank\">Pok\u00f3j 1&nbsp; 5-osobowy <\/a>&nbsp; <a class=\"button is-brown\" href=\"https:\/\/nocleg.cieszyn.pl\/en\/room\/pokoj-2\/\">Pok\u00f3j 2&nbsp; 3-osobowy<\/a>&nbsp; <a class=\"button is-brown\" href=\"https:\/\/nocleg.cieszyn.pl\/en\/room\/pokoj-3\/\">Pok\u00f3j 3&nbsp; 3-osobowy<\/a>&nbsp; <a class=\"button is-brown\" href=\"https:\/\/nocleg.cieszyn.pl\/en\/room\/pokoj-4\/\">Pok\u00f3j 4&nbsp; 3-osobowy<\/a>&nbsp; <a class=\"button is-brown\" href=\"https:\/\/nocleg.cieszyn.pl\/en\/room\/pokoj-5\/\">Pok\u00f3j 5&nbsp; 4-osobowy<\/a>&nbsp; <a class=\"button is-brown\" href=\"https:\/\/nocleg.cieszyn.pl\/en\/room\/pokoj-6\/\">Pok\u00f3j 6&nbsp; 4-osobowy<\/a>&nbsp; <a class=\"button is-brown\" href=\"https:\/\/nocleg.cieszyn.pl\/en\/room\/pokoj-7\/\">Pok\u00f3j 7&nbsp; 5-osobowy<\/a>&nbsp; <a class=\"button is-brown\" href=\"https:\/\/nocleg.cieszyn.pl\/en\/room\/pokoj-9\/\">Pok\u00f3j 9&nbsp; 2-osobowy<\/a>&nbsp; <a class=\"button is-brown\" href=\"https:\/\/nocleg.cieszyn.pl\/en\/room\/pokoj-11\/\">Pok\u00f3j 11&nbsp; 2-osobowy<\/a>&nbsp; <a class=\"button is-brown\" href=\"https:\/\/nocleg.cieszyn.pl\/en\/room\/pokoj-12\/\">Pok\u00f3j 12&nbsp; 3-osobowy<\/a>&nbsp; <a class=\"button is-brown\" href=\"https:\/\/nocleg.cieszyn.pl\/en\/room\/pokoj-13\/\">Pok\u00f3j 13&nbsp; 3-osobowy<\/a>&nbsp; <a class=\"button is-brown\" href=\"https:\/\/nocleg.cieszyn.pl\/en\/room\/pokoj-14\/\">Pok\u00f3j 14&nbsp; 3-osobowy<\/a>&nbsp; <a class=\"button is-brown\" href=\"https:\/\/nocleg.cieszyn.pl\/en\/room\/pokoj-15\/\">Pok\u00f3j 15&nbsp; 2-osobowy<\/a>&nbsp; <a class=\"button is-brown\" href=\"https:\/\/nocleg.cieszyn.pl\/en\/room\/pokoj-16\/\">Pok\u00f3j 16&nbsp; 3-osobowy<\/a>&nbsp; <a class=\"button is-brown\" href=\"https:\/\/nocleg.cieszyn.pl\/en\/room\/pokoj-17\/\">Pok\u00f3j 17&nbsp; 2-osobowy<\/a>&nbsp; <a class=\"button is-brown\" href=\"https:\/\/nocleg.cieszyn.pl\/en\/room\/pokoj-18\/\">Pok\u00f3j 18&nbsp; 2-osobowy<\/a>&nbsp; <a class=\"button is-brown\" href=\"https:\/\/nocleg.cieszyn.pl\/en\/room\/pokoj-19\/\">Pok\u00f3j 19&nbsp; 2-osobowy<\/a>&nbsp; <a class=\"button is-brown\" href=\"https:\/\/nocleg.cieszyn.pl\/en\/room\/pokoj-20\/\">Pok\u00f3j 20&nbsp; 2-osobowy<\/a>&nbsp; <a class=\"button is-brown\" href=\"https:\/\/nocleg.cieszyn.pl\/en\/room\/pokoj-21\/\">Pok\u00f3j 21&nbsp; 2-osobowy<\/a>&nbsp;<\/center>\n<p>&nbsp;<\/p>\n\n\n<p><\/p>","protected":false},"excerpt":{"rendered":"<p>Ogl\u0105dnij i wybierz sw\u00f3j pok\u00f3j: &nbsp; &nbsp; &nbsp; &nbsp; &nbsp; &nbsp; &nbsp; &nbsp; &nbsp; &nbsp; &nbsp; &nbsp; &nbsp; &nbsp; &nbsp; &nbsp; &nbsp; &nbsp; &nbsp; &nbsp; &nbsp;<\/p>","protected":false},"author":4,"featured_media":11316,"parent":0,"menu_order":2,"comment_status":"closed","ping_status":"closed","template":"template-hero.php","meta":{"ngg_post_thumbnail":0,"jetpack_post_was_ever_published":false,"footnotes":""},"jetpack_sharing_enabled":true,"jetpack_shortlink":"https:\/\/wp.me\/P8OJ1i-3bQ","_links":{"self":[{"href":"https:\/\/nocleg.cieszyn.pl\/en\/wp-json\/wp\/v2\/pages\/12266"}],"collection":[{"href":"https:\/\/nocleg.cieszyn.pl\/en\/wp-json\/wp\/v2\/pages"}],"about":[{"href":"https:\/\/nocleg.cieszyn.pl\/en\/wp-json\/wp\/v2\/types\/page"}],"author":[{"embeddable":true,"href":"https:\/\/nocleg.cieszyn.pl\/en\/wp-json\/wp\/v2\/users\/4"}],"replies":[{"embeddable":true,"href":"https:\/\/nocleg.cieszyn.pl\/en\/wp-json\/wp\/v2\/comments?post=12266"}],"version-history":[{"count":24,"href":"https:\/\/nocleg.cieszyn.pl\/en\/wp-json\/wp\/v2\/pages\/12266\/revisions"}],"predecessor-version":[{"id":12464,"href":"https:\/\/nocleg.cieszyn.pl\/en\/wp-json\/wp\/v2\/pages\/12266\/revisions\/12464"}],"wp:featuredmedia":[{"embeddable":true,"href":"https:\/\/nocleg.cieszyn.pl\/en\/wp-json\/wp\/v2\/media\/11316"}],"wp:attachment":[{"href":"https:\/\/nocleg.cieszyn.pl\/en\/wp-json\/wp\/v2\/media?parent=12266"}],"curies":[{"name":"wp","href":"https:\/\/api.w.org\/{rel}","templated":true}]}}